{"id":5701,"date":"2021-03-04T08:37:09","date_gmt":"2021-03-04T08:37:09","guid":{"rendered":"https:\/\/mojobro.com\/bigleaguecards\/product\/import-placeholder-for-2768\/"},"modified":"2021-03-04T08:37:10","modified_gmt":"2021-03-04T08:37:10","slug":"pokemon-sword-shield-booster-box","status":"publish","type":"product","link":"https:\/\/mojobro.com\/bigleaguecards\/product\/pokemon-sword-shield-booster-box\/","title":{"rendered":"Pokemon Sword &#038; Shield Booster Box"},"content":{"rendered":"<p>Configuration: 36 packs per box. 10 cards per pack.<\/p>\n<p>Start a New Journey &amp; Meet New Pokemon V!<\/p>\n<p>Welcome to the Galar region with the Pok\u00e9mon TCG: Sword &amp; Shield expansion! Meet more than a dozen powerful Pok\u00e9mon V, including the Legendary Zacian and Zamazenta. Some Pok\u00e9mon V, like Stonjourner and Snorlax, can evolve into enormous Pok\u00e9mon VMAX for even more power! You&#8217;ll also find first partners Grookey, Scorbunny, and Sobble, little cuties like Wooloo and Yamper, and familiar Pok\u00e9mon in their new Galarian forms. Catch up with a new generation in the Pok\u00e9mon TCG: Sword &amp; Shield expansion!<\/p>\n","protected":false},"excerpt":{"rendered":"<p><strong>PRODUCT HIGHLIGHTS<\/strong><br \/>\n&#8211; Over 200 cards<br \/>\n&#8211; Dozens of newly discovered Pok\u00e9mon from the Galar region<br \/>\n&#8211; More than 15 powerful Pok\u00e9mon V and 4 enormous Pok\u00e9mon VMAX<br \/>\n&#8211; More than 25 Trainer cards and a new Special Energy card<\/p>\n","protected":false},"featured_media":4190,"comment_status":"open","ping_status":"closed","template":"","meta":[],"_links":{"self":[{"href":"https:\/\/mojobro.com\/bigleaguecards\/wp-json\/wp\/v2\/product\/5701"}],"collection":[{"href":"https:\/\/mojobro.com\/bigleaguecards\/wp-json\/wp\/v2\/product"}],"about":[{"href":"https:\/\/mojobro.com\/bigleaguecards\/wp-json\/wp\/v2\/types\/product"}],"replies":[{"embeddable":true,"href":"https:\/\/mojobro.com\/bigleaguecards\/wp-json\/wp\/v2\/comments?post=5701"}],"wp:featuredmedia":[{"embeddable":true,"href":"https:\/\/mojobro.com\/bigleaguecards\/wp-json\/wp\/v2\/media\/4190"}],"wp:attachment":[{"href":"https:\/\/mojobro.com\/bigleaguecards\/wp-json\/wp\/v2\/media?parent=5701"}],"curies":[{"name":"wp","href":"https:\/\/api.w.org\/{rel}","templated":true}]}}